{"id":11171,"date":"2024-06-11T14:30:39","date_gmt":"2024-06-11T12:30:39","guid":{"rendered":"https:\/\/beltranadell.testangal.es\/gestion-de-calidad\/"},"modified":"2025-04-29T08:17:54","modified_gmt":"2025-04-29T06:17:54","slug":"gestion-de-la-qualite","status":"publish","type":"page","link":"https:\/\/www.beltranadell.com\/fr\/gestion-de-la-qualite\/","title":{"rendered":"Qualit\u00e9"},"content":{"rendered":"\t\t<div data-elementor-type=\"wp-page\" data-elementor-id=\"11171\" class=\"elementor elementor-11171 elementor-9350\" data-elementor-post-type=\"page\">\n\t\t\t\t\t\t<section class=\"elementor-section elementor-top-section elementor-element elementor-element-dc5e1ec elementor-section-height-full elementor-section-items-bottom elementor-section-content-top elementor-section-boxed elementor-section-height-default\" data-id=\"dc5e1ec\" data-element_type=\"section\" data-settings=\"{&quot;background_background&quot;:&quot;classic&quot;}\">\n\t\t\t\t\t\t\t<div class=\"elementor-background-overlay\"><\/div>\n\t\t\t\t\t\t\t<div class=\"elementor-container elementor-column-gap-default\">\n\t\t\t\t\t<div class=\"elementor-column elementor-col-25 elementor-top-column elementor-element elementor-element-dd193bf\" data-id=\"dd193bf\" data-element_type=\"column\">\n\t\t\t<div class=\"elementor-widget-wrap elementor-element-populated\">\n\t\t\t\t\t\t<div class=\"elementor-element elementor-element-dc65e08 elementor-widget elementor-widget-text-editor\" data-id=\"dc65e08\" data-element_type=\"widget\" data-widget_type=\"text-editor.default\">\n\t\t\t\t<div class=\"elementor-widget-container\">\n\t\t\t<style>\/*! elementor - v3.20.0 - 20-03-2024 *\/\n.elementor-widget-text-editor.elementor-drop-cap-view-stacked .elementor-drop-cap{background-color:#69727d;color:#fff}.elementor-widget-text-editor.elementor-drop-cap-view-framed .elementor-drop-cap{color:#69727d;border:3px solid;background-color:transparent}.elementor-widget-text-editor:not(.elementor-drop-cap-view-default) .elementor-drop-cap{margin-top:8px}.elementor-widget-text-editor:not(.elementor-drop-cap-view-default) .elementor-drop-cap-letter{width:1em;height:1em}.elementor-widget-text-editor .elementor-drop-cap{float:left;text-align:center;line-height:1;font-size:50px}.elementor-widget-text-editor .elementor-drop-cap-letter{display:inline-block}<\/style>\t\t\t\tSYST\u00c8ME APPCC\t\t\t\t\t\t<\/div>\n\t\t\t\t<\/div>\n\t\t\t\t<div class=\"elementor-element elementor-element-975b731 elementor-widget elementor-widget-text-editor\" data-id=\"975b731\" data-element_type=\"widget\" data-widget_type=\"text-editor.default\">\n\t\t\t\t<div class=\"elementor-widget-container\">\n\t\t\t\t\t\t\tDans toutes nos installations, nous nous adaptons aux demandes du march\u00e9 et appliquons des contr\u00f4les stricts de la qualit\u00e9 et de la s\u00e9curit\u00e9 alimentaire bas\u00e9s sur le syst\u00e8me APPCC, ce qui nous permet d&rsquo;offrir des produits de la mer fiables.\t\t\t\t\t\t<\/div>\n\t\t\t\t<\/div>\n\t\t\t\t\t<\/div>\n\t\t<\/div>\n\t\t\t\t<div class=\"elementor-column elementor-col-25 elementor-top-column elementor-element elementor-element-8f7b534\" data-id=\"8f7b534\" data-element_type=\"column\">\n\t\t\t<div class=\"elementor-widget-wrap elementor-element-populated\">\n\t\t\t\t\t\t<div class=\"elementor-element elementor-element-535616b elementor-widget elementor-widget-text-editor\" data-id=\"535616b\" data-element_type=\"widget\" data-widget_type=\"text-editor.default\">\n\t\t\t\t<div class=\"elementor-widget-container\">\n\t\t\t\t\t\t\tS\u00c9CURIT\u00c9 ET QUALIT\u00c9\t\t\t\t\t\t<\/div>\n\t\t\t\t<\/div>\n\t\t\t\t<div class=\"elementor-element elementor-element-ceb27a8 elementor-widget elementor-widget-text-editor\" data-id=\"ceb27a8\" data-element_type=\"widget\" data-widget_type=\"text-editor.default\">\n\t\t\t\t<div class=\"elementor-widget-container\">\n\t\t\t\t\t\t\tChaque poisson parvient \u00e0 nos clients avec un maximum de fra\u00eecheur, apr\u00e8s un processus de s\u00e9lection et de contr\u00f4le minutieux, qui donne toujours la priorit\u00e9 au maintien de la cha\u00eene du froid, \u00e0 l&rsquo;hygi\u00e8ne et \u00e0 la tra\u00e7abilit\u00e9.\t\t\t\t\t\t<\/div>\n\t\t\t\t<\/div>\n\t\t\t\t\t<\/div>\n\t\t<\/div>\n\t\t\t\t<div class=\"elementor-column elementor-col-25 elementor-top-column elementor-element elementor-element-09c8821\" data-id=\"09c8821\" data-element_type=\"column\">\n\t\t\t<div class=\"elementor-widget-wrap elementor-element-populated\">\n\t\t\t\t\t\t<div class=\"elementor-element elementor-element-920e5a3 elementor-widget elementor-widget-text-editor\" data-id=\"920e5a3\" data-element_type=\"widget\" data-widget_type=\"text-editor.default\">\n\t\t\t\t<div class=\"elementor-widget-container\">\n\t\t\t\t\t\t\t\u00c9QUIPE HUMAINE PROFESSIONNELLE\t\t\t\t\t\t<\/div>\n\t\t\t\t<\/div>\n\t\t\t\t<div class=\"elementor-element elementor-element-d1d2e1c elementor-widget elementor-widget-text-editor\" data-id=\"d1d2e1c\" data-element_type=\"widget\" data-widget_type=\"text-editor.default\">\n\t\t\t\t<div class=\"elementor-widget-container\">\n\t\t\t\t\t\t\tBeltr\u00e1n Adell dispose d&rsquo;un personnel qualifi\u00e9 ayant une grande exp\u00e9rience dans le secteur de la p\u00eache, ce qui nous permet d&rsquo;offrir des poissons de la plus haute qualit\u00e9.\t\t\t\t\t\t<\/div>\n\t\t\t\t<\/div>\n\t\t\t\t\t<\/div>\n\t\t<\/div>\n\t\t\t\t<div class=\"elementor-column elementor-col-25 elementor-top-column elementor-element elementor-element-8b2aa35\" data-id=\"8b2aa35\" data-element_type=\"column\">\n\t\t\t<div class=\"elementor-widget-wrap elementor-element-populated\">\n\t\t\t\t\t\t<div class=\"elementor-element elementor-element-1f89299 elementor-widget elementor-widget-text-editor\" data-id=\"1f89299\" data-element_type=\"widget\" data-widget_type=\"text-editor.default\">\n\t\t\t\t<div class=\"elementor-widget-container\">\n\t\t\t\t\t\t\tSOUTENABILIT\u00c9\t\t\t\t\t\t<\/div>\n\t\t\t\t<\/div>\n\t\t\t\t<div class=\"elementor-element elementor-element-a4e56d2 elementor-widget elementor-widget-text-editor\" data-id=\"a4e56d2\" data-element_type=\"widget\" data-widget_type=\"text-editor.default\">\n\t\t\t\t<div class=\"elementor-widget-container\">\n\t\t\t\t\t\t\tChez Beltr\u00e1n Adell, nous sommes conscients de l&rsquo;importance de notre environnement et de nos ressources naturelles. C&rsquo;est pourquoi nous nous engageons \u00e0 adopter un mod\u00e8le d&rsquo;entreprise soutenable et \u00e0 r\u00e9duire chaque jour notre impact sur l&rsquo;environnement.\t\t\t\t\t\t<\/div>\n\t\t\t\t<\/div>\n\t\t\t\t\t<\/div>\n\t\t<\/div>\n\t\t\t\t\t<\/div>\n\t\t<\/section>\n\t\t\t\t<\/div>\n\t\t","protected":false},"excerpt":{"rendered":"<p>SYST\u00c8ME APPCCDans toutes nos installations, nous nous adaptons aux demandes du march\u00e9 et appliquons des contr\u00f4les stricts de la qualit\u00e9 et de la s\u00e9curit\u00e9 alimentaire bas\u00e9s sur le syst\u00e8me APPCC, ce qui nous permet d&rsquo;offrir des produits de la mer fiables.S\u00c9CURIT\u00c9 ET QUALIT\u00c9Chaque poisson parvient \u00e0 nos clients avec un maximum de fra\u00eecheur, apr\u00e8s un [&hellip;]<\/p>\n","protected":false},"author":1,"featured_media":0,"parent":0,"menu_order":0,"comment_status":"closed","ping_status":"closed","template":"","meta":{"_acf_changed":false,"footnotes":""},"class_list":["post-11171","page","type-page","status-publish","hentry"],"acf":[],"aioseo_notices":[],"_links":{"self":[{"href":"https:\/\/www.beltranadell.com\/fr\/wp-json\/wp\/v2\/pages\/11171","targetHints":{"allow":["GET"]}}],"collection":[{"href":"https:\/\/www.beltranadell.com\/fr\/wp-json\/wp\/v2\/pages"}],"about":[{"href":"https:\/\/www.beltranadell.com\/fr\/wp-json\/wp\/v2\/types\/page"}],"author":[{"embeddable":true,"href":"https:\/\/www.beltranadell.com\/fr\/wp-json\/wp\/v2\/users\/1"}],"replies":[{"embeddable":true,"href":"https:\/\/www.beltranadell.com\/fr\/wp-json\/wp\/v2\/comments?post=11171"}],"version-history":[{"count":12,"href":"https:\/\/www.beltranadell.com\/fr\/wp-json\/wp\/v2\/pages\/11171\/revisions"}],"predecessor-version":[{"id":16023,"href":"https:\/\/www.beltranadell.com\/fr\/wp-json\/wp\/v2\/pages\/11171\/revisions\/16023"}],"wp:attachment":[{"href":"https:\/\/www.beltranadell.com\/fr\/wp-json\/wp\/v2\/media?parent=11171"}],"curies":[{"name":"wp","href":"https:\/\/api.w.org\/{rel}","templated":true}]}}