{"id":11173,"date":"2024-06-11T14:30:39","date_gmt":"2024-06-11T12:30:39","guid":{"rendered":"https:\/\/beltranadell.testangal.es\/gestion-de-calidad\/"},"modified":"2025-04-29T08:23:59","modified_gmt":"2025-04-29T06:23:59","slug":"gestione-della-qualita","status":"publish","type":"page","link":"https:\/\/www.beltranadell.com\/it\/gestione-della-qualita\/","title":{"rendered":"Qualit\u00e0"},"content":{"rendered":"\t\t<div data-elementor-type=\"wp-page\" data-elementor-id=\"11173\" class=\"elementor elementor-11173 elementor-9350\" data-elementor-post-type=\"page\">\n\t\t\t\t\t\t<section class=\"elementor-section elementor-top-section elementor-element elementor-element-dc5e1ec elementor-section-height-full elementor-section-items-bottom elementor-section-content-top elementor-section-boxed elementor-section-height-default\" data-id=\"dc5e1ec\" data-element_type=\"section\" data-settings=\"{&quot;background_background&quot;:&quot;classic&quot;}\">\n\t\t\t\t\t\t\t<div class=\"elementor-background-overlay\"><\/div>\n\t\t\t\t\t\t\t<div class=\"elementor-container elementor-column-gap-default\">\n\t\t\t\t\t<div class=\"elementor-column elementor-col-25 elementor-top-column elementor-element elementor-element-dd193bf\" data-id=\"dd193bf\" data-element_type=\"column\">\n\t\t\t<div class=\"elementor-widget-wrap elementor-element-populated\">\n\t\t\t\t\t\t<div class=\"elementor-element elementor-element-dc65e08 elementor-widget elementor-widget-text-editor\" data-id=\"dc65e08\" data-element_type=\"widget\" data-widget_type=\"text-editor.default\">\n\t\t\t\t<div class=\"elementor-widget-container\">\n\t\t\t<style>\/*! elementor - v3.20.0 - 20-03-2024 *\/\n.elementor-widget-text-editor.elementor-drop-cap-view-stacked .elementor-drop-cap{background-color:#69727d;color:#fff}.elementor-widget-text-editor.elementor-drop-cap-view-framed .elementor-drop-cap{color:#69727d;border:3px solid;background-color:transparent}.elementor-widget-text-editor:not(.elementor-drop-cap-view-default) .elementor-drop-cap{margin-top:8px}.elementor-widget-text-editor:not(.elementor-drop-cap-view-default) .elementor-drop-cap-letter{width:1em;height:1em}.elementor-widget-text-editor .elementor-drop-cap{float:left;text-align:center;line-height:1;font-size:50px}.elementor-widget-text-editor .elementor-drop-cap-letter{display:inline-block}<\/style>\t\t\t\tSISTEMA HACCP\t\t\t\t\t\t<\/div>\n\t\t\t\t<\/div>\n\t\t\t\t<div class=\"elementor-element elementor-element-975b731 elementor-widget elementor-widget-text-editor\" data-id=\"975b731\" data-element_type=\"widget\" data-widget_type=\"text-editor.default\">\n\t\t\t\t<div class=\"elementor-widget-container\">\n\t\t\t\t\t\t\t<p>In tutte le nostre strutture ci adattiamo alle richieste del mercato, oltre ad applicare rigorosi controlli di qualit\u00e0 e sicurezza alimentare basati sul sistema HACCP, offrendo cos\u00ec prodotti ittici affidabili.<\/p>\t\t\t\t\t\t<\/div>\n\t\t\t\t<\/div>\n\t\t\t\t\t<\/div>\n\t\t<\/div>\n\t\t\t\t<div class=\"elementor-column elementor-col-25 elementor-top-column elementor-element elementor-element-8f7b534\" data-id=\"8f7b534\" data-element_type=\"column\">\n\t\t\t<div class=\"elementor-widget-wrap elementor-element-populated\">\n\t\t\t\t\t\t<div class=\"elementor-element elementor-element-535616b elementor-widget elementor-widget-text-editor\" data-id=\"535616b\" data-element_type=\"widget\" data-widget_type=\"text-editor.default\">\n\t\t\t\t<div class=\"elementor-widget-container\">\n\t\t\t\t\t\t\tSICUREZZA E QUALIT\u00c0\t\t\t\t\t\t<\/div>\n\t\t\t\t<\/div>\n\t\t\t\t<div class=\"elementor-element elementor-element-ceb27a8 elementor-widget elementor-widget-text-editor\" data-id=\"ceb27a8\" data-element_type=\"widget\" data-widget_type=\"text-editor.default\">\n\t\t\t\t<div class=\"elementor-widget-container\">\n\t\t\t\t\t\t\tOgni prodotto arriva ai nostri clienti con la massima freschezza, dopo un attento processo di selezione e controllo, priorizzando sempre il mantenimento della catena del freddo, l&#8217;igiene e la tracciabilit\u00e0.\t\t\t\t\t\t<\/div>\n\t\t\t\t<\/div>\n\t\t\t\t\t<\/div>\n\t\t<\/div>\n\t\t\t\t<div class=\"elementor-column elementor-col-25 elementor-top-column elementor-element elementor-element-09c8821\" data-id=\"09c8821\" data-element_type=\"column\">\n\t\t\t<div class=\"elementor-widget-wrap elementor-element-populated\">\n\t\t\t\t\t\t<div class=\"elementor-element elementor-element-920e5a3 elementor-widget elementor-widget-text-editor\" data-id=\"920e5a3\" data-element_type=\"widget\" data-widget_type=\"text-editor.default\">\n\t\t\t\t<div class=\"elementor-widget-container\">\n\t\t\t\t\t\t\tPERSONALE PROFESSIONALE\t\t\t\t\t\t<\/div>\n\t\t\t\t<\/div>\n\t\t\t\t<div class=\"elementor-element elementor-element-d1d2e1c elementor-widget elementor-widget-text-editor\" data-id=\"d1d2e1c\" data-element_type=\"widget\" data-widget_type=\"text-editor.default\">\n\t\t\t\t<div class=\"elementor-widget-container\">\n\t\t\t\t\t\t\tBeltr\u00e1n Adell dispone di un personale qualificato con una solida esperienza nel settore della pesca, il quale ci permette di offrire prodotti di altissima qualit\u00e0.\t\t\t\t\t\t<\/div>\n\t\t\t\t<\/div>\n\t\t\t\t\t<\/div>\n\t\t<\/div>\n\t\t\t\t<div class=\"elementor-column elementor-col-25 elementor-top-column elementor-element elementor-element-8b2aa35\" data-id=\"8b2aa35\" data-element_type=\"column\">\n\t\t\t<div class=\"elementor-widget-wrap elementor-element-populated\">\n\t\t\t\t\t\t<div class=\"elementor-element elementor-element-1f89299 elementor-widget elementor-widget-text-editor\" data-id=\"1f89299\" data-element_type=\"widget\" data-widget_type=\"text-editor.default\">\n\t\t\t\t<div class=\"elementor-widget-container\">\n\t\t\t\t\t\t\tSOSTENIBILIT\u00c0\t\t\t\t\t\t<\/div>\n\t\t\t\t<\/div>\n\t\t\t\t<div class=\"elementor-element elementor-element-a4e56d2 elementor-widget elementor-widget-text-editor\" data-id=\"a4e56d2\" data-element_type=\"widget\" data-widget_type=\"text-editor.default\">\n\t\t\t\t<div class=\"elementor-widget-container\">\n\t\t\t\t\t\t\t<p>Noi di Beltr\u00e1n Adell siamo consapevoli dell&#8217;importanza del nostro ambiente e delle risorse naturali, ed \u00e8 per questo che ci impegniamo ad adottare un modello aziendale sostenibile, impegnandoci ogni giorno a ridurre il nostro impatto ambientale.<\/p>\t\t\t\t\t\t<\/div>\n\t\t\t\t<\/div>\n\t\t\t\t\t<\/div>\n\t\t<\/div>\n\t\t\t\t\t<\/div>\n\t\t<\/section>\n\t\t\t\t<\/div>\n\t\t","protected":false},"excerpt":{"rendered":"<p>SISTEMA HACCP In tutte le nostre strutture ci adattiamo alle richieste del mercato, oltre ad applicare rigorosi controlli di qualit\u00e0 e sicurezza alimentare basati sul sistema HACCP, offrendo cos\u00ec prodotti ittici affidabili. SICUREZZA E QUALIT\u00c0Ogni prodotto arriva ai nostri clienti con la massima freschezza, dopo un attento processo di selezione e controllo, priorizzando sempre il [&hellip;]<\/p>\n","protected":false},"author":1,"featured_media":0,"parent":0,"menu_order":0,"comment_status":"closed","ping_status":"closed","template":"","meta":{"_acf_changed":false,"footnotes":""},"class_list":["post-11173","page","type-page","status-publish","hentry"],"acf":[],"aioseo_notices":[],"_links":{"self":[{"href":"https:\/\/www.beltranadell.com\/it\/wp-json\/wp\/v2\/pages\/11173","targetHints":{"allow":["GET"]}}],"collection":[{"href":"https:\/\/www.beltranadell.com\/it\/wp-json\/wp\/v2\/pages"}],"about":[{"href":"https:\/\/www.beltranadell.com\/it\/wp-json\/wp\/v2\/types\/page"}],"author":[{"embeddable":true,"href":"https:\/\/www.beltranadell.com\/it\/wp-json\/wp\/v2\/users\/1"}],"replies":[{"embeddable":true,"href":"https:\/\/www.beltranadell.com\/it\/wp-json\/wp\/v2\/comments?post=11173"}],"version-history":[{"count":22,"href":"https:\/\/www.beltranadell.com\/it\/wp-json\/wp\/v2\/pages\/11173\/revisions"}],"predecessor-version":[{"id":16200,"href":"https:\/\/www.beltranadell.com\/it\/wp-json\/wp\/v2\/pages\/11173\/revisions\/16200"}],"wp:attachment":[{"href":"https:\/\/www.beltranadell.com\/it\/wp-json\/wp\/v2\/media?parent=11173"}],"curies":[{"name":"wp","href":"https:\/\/api.w.org\/{rel}","templated":true}]}}